{"id":53,"date":"2019-01-19T14:38:36","date_gmt":"2019-01-19T14:38:36","guid":{"rendered":"http:\/\/trebla.info\/?page_id=53"},"modified":"2019-01-26T13:04:09","modified_gmt":"2019-01-26T13:04:09","slug":"relacion-clientes","status":"publish","type":"page","link":"https:\/\/trebla.info\/en\/relacion-clientes","title":{"rendered":"Customer Relationship"},"content":{"rendered":"\t\t<div data-elementor-type=\"wp-post\" data-elementor-id=\"53\" class=\"elementor elementor-53 elementor-bc-flex-widget\" data-elementor-post-type=\"page\">\n\t\t\t\t\t\t<section class=\"elementor-section elementor-inner-section elementor-element elementor-element-63ca0145 elementor-section-boxed elementor-section-height-default elementor-section-height-default\" data-id=\"63ca0145\" data-element_type=\"section\" data-e-type=\"section\" data-settings=\"{&quot;jet_parallax_layout_list&quot;:[{&quot;jet_parallax_layout_image&quot;:{&quot;url&quot;:&quot;&quot;,&quot;id&quot;:&quot;&quot;,&quot;size&quot;:&quot;&quot;},&quot;_id&quot;:&quot;ce38a56&quot;,&quot;jet_parallax_layout_speed&quot;:{&quot;unit&quot;:&quot;%&quot;,&quot;size&quot;:50,&quot;sizes&quot;:[]},&quot;jet_parallax_layout_type&quot;:&quot;scroll&quot;,&quot;jet_parallax_layout_z_index&quot;:&quot;&quot;,&quot;jet_parallax_layout_bg_x&quot;:50,&quot;jet_parallax_layout_bg_y&quot;:50,&quot;jet_parallax_layout_bg_size&quot;:&quot;auto&quot;,&quot;jet_parallax_layout_animation_prop&quot;:&quot;transform&quot;,&quot;jet_parallax_layout_on&quot;:[&quot;desktop&quot;,&quot;tablet&quot;],&quot;jet_parallax_layout_image_tablet&quot;:{&quot;url&quot;:&quot;&quot;,&quot;id&quot;:&quot;&quot;,&quot;size&quot;:&quot;&quot;},&quot;jet_parallax_layout_image_mobile&quot;:{&quot;url&quot;:&quot;&quot;,&quot;id&quot;:&quot;&quot;,&quot;size&quot;:&quot;&quot;},&quot;jet_parallax_layout_direction&quot;:&quot;1&quot;,&quot;jet_parallax_layout_fx_direction&quot;:null,&quot;jet_parallax_layout_bg_x_tablet&quot;:&quot;&quot;,&quot;jet_parallax_layout_bg_x_mobile&quot;:&quot;&quot;,&quot;jet_parallax_layout_bg_y_tablet&quot;:&quot;&quot;,&quot;jet_parallax_layout_bg_y_mobile&quot;:&quot;&quot;,&quot;jet_parallax_layout_bg_size_tablet&quot;:&quot;&quot;,&quot;jet_parallax_layout_bg_size_mobile&quot;:&quot;&quot;}]}\">\n\t\t\t\t\t\t<div class=\"elementor-container elementor-column-gap-default\">\n\t\t\t\t\t<div class=\"elementor-column elementor-col-100 elementor-inner-column elementor-element elementor-element-4c6d8b29\" data-id=\"4c6d8b29\" data-element_type=\"column\" data-e-type=\"column\">\n\t\t\t<div class=\"elementor-widget-wrap elementor-element-populated\">\n\t\t\t\t\t\t<div class=\"elementor-element elementor-element-172a3930 elementor-widget elementor-widget-spacer\" data-id=\"172a3930\" data-element_type=\"widget\" data-e-type=\"widget\" data-widget_type=\"spacer.default\">\n\t\t\t\t<div class=\"elementor-widget-container\">\n\t\t\t\t\t\t\t<div class=\"elementor-spacer\">\n\t\t\t<div class=\"elementor-spacer-inner\"><\/div>\n\t\t<\/div>\n\t\t\t\t\t\t<\/div>\n\t\t\t\t<\/div>\n\t\t\t\t<div class=\"elementor-element elementor-element-31b11664 elementor-invisible elementor-widget elementor-widget-heading\" data-id=\"31b11664\" data-element_type=\"widget\" data-e-type=\"widget\" data-settings=\"{&quot;_animation&quot;:&quot;fadeInLeft&quot;}\" data-widget_type=\"heading.default\">\n\t\t\t\t<div class=\"elementor-widget-container\">\n\t\t\t\t\t<h2 class=\"elementor-heading-title elementor-size-default\">RELACI\u00d3N CLIENTES<\/h2>\t\t\t\t<\/div>\n\t\t\t\t<\/div>\n\t\t\t\t<div class=\"elementor-element elementor-element-660ff1e4 elementor-widget elementor-widget-spacer\" data-id=\"660ff1e4\" data-element_type=\"widget\" data-e-type=\"widget\" data-widget_type=\"spacer.default\">\n\t\t\t\t<div class=\"elementor-widget-container\">\n\t\t\t\t\t\t\t<div class=\"elementor-spacer\">\n\t\t\t<div class=\"elementor-spacer-inner\"><\/div>\n\t\t<\/div>\n\t\t\t\t\t\t<\/div>\n\t\t\t\t<\/div>\n\t\t\t\t\t<\/div>\n\t\t<\/div>\n\t\t\t\t\t<\/div>\n\t\t<\/section>\n\t\t\t\t<section class=\"elementor-section elementor-top-section elementor-element elementor-element-aa793ad elementor-section-boxed elementor-section-height-default elementor-section-height-default elementor-invisible\" data-id=\"aa793ad\" data-element_type=\"section\" data-e-type=\"section\" data-settings=\"{&quot;animation&quot;:&quot;fadeInUp&quot;,&quot;jet_parallax_layout_list&quot;:[{&quot;jet_parallax_layout_image&quot;:{&quot;url&quot;:&quot;&quot;,&quot;id&quot;:&quot;&quot;,&quot;size&quot;:&quot;&quot;},&quot;_id&quot;:&quot;b1475c2&quot;,&quot;jet_parallax_layout_speed&quot;:{&quot;unit&quot;:&quot;%&quot;,&quot;size&quot;:50,&quot;sizes&quot;:[]},&quot;jet_parallax_layout_type&quot;:&quot;scroll&quot;,&quot;jet_parallax_layout_z_index&quot;:&quot;&quot;,&quot;jet_parallax_layout_bg_x&quot;:50,&quot;jet_parallax_layout_bg_y&quot;:50,&quot;jet_parallax_layout_bg_size&quot;:&quot;auto&quot;,&quot;jet_parallax_layout_animation_prop&quot;:&quot;transform&quot;,&quot;jet_parallax_layout_on&quot;:[&quot;desktop&quot;,&quot;tablet&quot;],&quot;jet_parallax_layout_image_tablet&quot;:{&quot;url&quot;:&quot;&quot;,&quot;id&quot;:&quot;&quot;,&quot;size&quot;:&quot;&quot;},&quot;jet_parallax_layout_image_mobile&quot;:{&quot;url&quot;:&quot;&quot;,&quot;id&quot;:&quot;&quot;,&quot;size&quot;:&quot;&quot;},&quot;jet_parallax_layout_direction&quot;:&quot;1&quot;,&quot;jet_parallax_layout_fx_direction&quot;:null,&quot;jet_parallax_layout_bg_x_tablet&quot;:&quot;&quot;,&quot;jet_parallax_layout_bg_x_mobile&quot;:&quot;&quot;,&quot;jet_parallax_layout_bg_y_tablet&quot;:&quot;&quot;,&quot;jet_parallax_layout_bg_y_mobile&quot;:&quot;&quot;,&quot;jet_parallax_layout_bg_size_tablet&quot;:&quot;&quot;,&quot;jet_parallax_layout_bg_size_mobile&quot;:&quot;&quot;}]}\">\n\t\t\t\t\t\t<div class=\"elementor-container elementor-column-gap-default\">\n\t\t\t\t\t<div class=\"elementor-column elementor-col-100 elementor-top-column elementor-element elementor-element-9e3de2b\" data-id=\"9e3de2b\" data-element_type=\"column\" data-e-type=\"column\">\n\t\t\t<div class=\"elementor-widget-wrap elementor-element-populated\">\n\t\t\t\t\t\t<div class=\"elementor-element elementor-element-61c7e26 elementor-widget elementor-widget-accordion\" data-id=\"61c7e26\" data-element_type=\"widget\" data-e-type=\"widget\" data-widget_type=\"accordion.default\">\n\t\t\t\t<div class=\"elementor-widget-container\">\n\t\t\t\t\t\t\t<div class=\"elementor-accordion\">\n\t\t\t\t\t\t\t<div class=\"elementor-accordion-item\">\n\t\t\t\t\t<div id=\"elementor-tab-title-1021\" class=\"elementor-tab-title\" data-tab=\"1\" role=\"button\" aria-controls=\"elementor-tab-content-1021\" aria-expanded=\"false\">\n\t\t\t\t\t\t\t\t\t\t\t\t\t<span class=\"elementor-accordion-icon elementor-accordion-icon-left\" aria-hidden=\"true\">\n\t\t\t\t\t\t\t\t\t\t\t\t\t\t\t<i class=\"elementor-accordion-icon-closed fa fa-plus\"><\/i>\n\t\t\t\t\t\t\t\t<i class=\"elementor-accordion-icon-opened fa fa-minus\"><\/i>\n\t\t\t\t\t\t\t\t\t\t\t\t\t\t<\/span>\n\t\t\t\t\t\t\t\t\t\t\t\t<a class=\"elementor-accordion-title\" tabindex=\"0\">AERON\u00c1UTICA<\/a>\n\t\t\t\t\t<\/div>\n\t\t\t\t\t<div id=\"elementor-tab-content-1021\" class=\"elementor-tab-content elementor-clearfix\" data-tab=\"1\" role=\"region\" aria-labelledby=\"elementor-tab-title-1021\"><ul><li>D.I. PROYECTOS Y MONTAJES, S.A.<\/li><li>T.D.<\/li><li>LOT. L\u00edneas A\u00e9reas Polacas<\/li><li>MINDPEARL AG<\/li><li>SINGAPORE AIRLINES<\/li><li>SWISS INTERNATIONAL AIRLINES<\/li><li>TAP, Transportes A\u00e9reos Portuguses<\/li><\/ul><\/div>\n\t\t\t\t<\/div>\n\t\t\t\t\t\t\t<div class=\"elementor-accordion-item\">\n\t\t\t\t\t<div id=\"elementor-tab-title-1022\" class=\"elementor-tab-title\" data-tab=\"2\" role=\"button\" aria-controls=\"elementor-tab-content-1022\" aria-expanded=\"false\">\n\t\t\t\t\t\t\t\t\t\t\t\t\t<span class=\"elementor-accordion-icon elementor-accordion-icon-left\" aria-hidden=\"true\">\n\t\t\t\t\t\t\t\t\t\t\t\t\t\t\t<i class=\"elementor-accordion-icon-closed fa fa-plus\"><\/i>\n\t\t\t\t\t\t\t\t<i class=\"elementor-accordion-icon-opened fa fa-minus\"><\/i>\n\t\t\t\t\t\t\t\t\t\t\t\t\t\t<\/span>\n\t\t\t\t\t\t\t\t\t\t\t\t<a class=\"elementor-accordion-title\" tabindex=\"0\">COMERCIO<\/a>\n\t\t\t\t\t<\/div>\n\t\t\t\t\t<div id=\"elementor-tab-content-1022\" class=\"elementor-tab-content elementor-clearfix\" data-tab=\"2\" role=\"region\" aria-labelledby=\"elementor-tab-title-1022\"><ul><li>ACAV (ASSOCIACI\u00d3 CATALANA D&#8217;AGENCIES DE VIATGES)<\/li><li>ANTONIO MIR\u00d3, S.L.<\/li><li>CIA CATALANA DE C\u00c1TERING<\/li><li>F\u00c9LIX MEDIANO<\/li><li>GALER\u00cdA MARC DOM\u00c9NEC<\/li><li>LOOP-PLAY, S.L.<\/li><li>SNO MITO N\u00d3RDICO, S.L.<\/li><\/ul><\/div>\n\t\t\t\t<\/div>\n\t\t\t\t\t\t\t<div class=\"elementor-accordion-item\">\n\t\t\t\t\t<div id=\"elementor-tab-title-1023\" class=\"elementor-tab-title\" data-tab=\"3\" role=\"button\" aria-controls=\"elementor-tab-content-1023\" aria-expanded=\"false\">\n\t\t\t\t\t\t\t\t\t\t\t\t\t<span class=\"elementor-accordion-icon elementor-accordion-icon-left\" aria-hidden=\"true\">\n\t\t\t\t\t\t\t\t\t\t\t\t\t\t\t<i class=\"elementor-accordion-icon-closed fa fa-plus\"><\/i>\n\t\t\t\t\t\t\t\t<i class=\"elementor-accordion-icon-opened fa fa-minus\"><\/i>\n\t\t\t\t\t\t\t\t\t\t\t\t\t\t<\/span>\n\t\t\t\t\t\t\t\t\t\t\t\t<a class=\"elementor-accordion-title\" tabindex=\"0\">COMUNICACI\u00d3N Y PUBLICIDAD<\/a>\n\t\t\t\t\t<\/div>\n\t\t\t\t\t<div id=\"elementor-tab-content-1023\" class=\"elementor-tab-content elementor-clearfix\" data-tab=\"3\" role=\"region\" aria-labelledby=\"elementor-tab-title-1023\"><ul><li>ACCI\u00d3N MEDIA PUBLICIDAD, S.L.<\/li><li>C-DIRECT, S.A.<\/li><li>CM XXI CORPORACI\u00d3N MULTIMEDIA<\/li><li>DAYAX, S.A.<\/li><li>DIN\u00c1MICAS DE NEGOCIO, S.L.<\/li><li>EDITORIAL GRARI, S.A.<\/li><li>ELSEVIER DOYMA, S.L.<\/li><li>FOTOTECA STONE, S.L.<\/li><li>FUNDACI\u00d3N BERTELSMANN<\/li><li>GETTY IMAGES, S.A.<\/li><li>GR\u00c1FICAS SAVIR, S.A.<\/li><li>HEARTS MAGAZINES, S.L.<\/li><li>ITAL-ORIENT GROUP, S.A.<\/li><li>M\u00c1RKETING NUTRITIVO, S.L.<\/li><li>MOLEIRO EDITOR, S.A.<\/li><li>ONDA CERO<\/li><li>POLYCOM SOLUTIONS CENTER<\/li><li>PROFESA BARCELONA, S.A.<\/li><li>PROMOIDEA, S.L.<\/li><li>SALVAT M\u00c9DICA, S.A.<\/li><li>TELEANUNCIO, S.A.<\/li><li>ZENITH MEDIA, S.A.<\/li><\/ul><\/div>\n\t\t\t\t<\/div>\n\t\t\t\t\t\t\t<div class=\"elementor-accordion-item\">\n\t\t\t\t\t<div id=\"elementor-tab-title-1024\" class=\"elementor-tab-title\" data-tab=\"4\" role=\"button\" aria-controls=\"elementor-tab-content-1024\" aria-expanded=\"false\">\n\t\t\t\t\t\t\t\t\t\t\t\t\t<span class=\"elementor-accordion-icon elementor-accordion-icon-left\" aria-hidden=\"true\">\n\t\t\t\t\t\t\t\t\t\t\t\t\t\t\t<i class=\"elementor-accordion-icon-closed fa fa-plus\"><\/i>\n\t\t\t\t\t\t\t\t<i class=\"elementor-accordion-icon-opened fa fa-minus\"><\/i>\n\t\t\t\t\t\t\t\t\t\t\t\t\t\t<\/span>\n\t\t\t\t\t\t\t\t\t\t\t\t<a class=\"elementor-accordion-title\" tabindex=\"0\">DISCOGR\u00c1FICA<\/a>\n\t\t\t\t\t<\/div>\n\t\t\t\t\t<div id=\"elementor-tab-content-1024\" class=\"elementor-tab-content elementor-clearfix\" data-tab=\"4\" role=\"region\" aria-labelledby=\"elementor-tab-title-1024\"><ul><li>POLIGRAM IB\u00c9RICA, S.A.<\/li><li>UNIVERSAL MUSIC SPAIN, S.L.<\/li><\/ul><\/div>\n\t\t\t\t<\/div>\n\t\t\t\t\t\t\t<div class=\"elementor-accordion-item\">\n\t\t\t\t\t<div id=\"elementor-tab-title-1025\" class=\"elementor-tab-title\" data-tab=\"5\" role=\"button\" aria-controls=\"elementor-tab-content-1025\" aria-expanded=\"false\">\n\t\t\t\t\t\t\t\t\t\t\t\t\t<span class=\"elementor-accordion-icon elementor-accordion-icon-left\" aria-hidden=\"true\">\n\t\t\t\t\t\t\t\t\t\t\t\t\t\t\t<i class=\"elementor-accordion-icon-closed fa fa-plus\"><\/i>\n\t\t\t\t\t\t\t\t<i class=\"elementor-accordion-icon-opened fa fa-minus\"><\/i>\n\t\t\t\t\t\t\t\t\t\t\t\t\t\t<\/span>\n\t\t\t\t\t\t\t\t\t\t\t\t<a class=\"elementor-accordion-title\" tabindex=\"0\">FINANCIERO<\/a>\n\t\t\t\t\t<\/div>\n\t\t\t\t\t<div id=\"elementor-tab-content-1025\" class=\"elementor-tab-content elementor-clearfix\" data-tab=\"5\" role=\"region\" aria-labelledby=\"elementor-tab-title-1025\"><ul><li>BANCA MARCH, S.A.<\/li><li>BNP PARIBAS<\/li><li>FORTIS BANK<\/li><li>YORKLYN FINANCE<\/li><li>MITSUI<\/li><\/ul><\/div>\n\t\t\t\t<\/div>\n\t\t\t\t\t\t\t<div class=\"elementor-accordion-item\">\n\t\t\t\t\t<div id=\"elementor-tab-title-1026\" class=\"elementor-tab-title\" data-tab=\"6\" role=\"button\" aria-controls=\"elementor-tab-content-1026\" aria-expanded=\"false\">\n\t\t\t\t\t\t\t\t\t\t\t\t\t<span class=\"elementor-accordion-icon elementor-accordion-icon-left\" aria-hidden=\"true\">\n\t\t\t\t\t\t\t\t\t\t\t\t\t\t\t<i class=\"elementor-accordion-icon-closed fa fa-plus\"><\/i>\n\t\t\t\t\t\t\t\t<i class=\"elementor-accordion-icon-opened fa fa-minus\"><\/i>\n\t\t\t\t\t\t\t\t\t\t\t\t\t\t<\/span>\n\t\t\t\t\t\t\t\t\t\t\t\t<a class=\"elementor-accordion-title\" tabindex=\"0\">INDUSTRIA QU\u00cdMICA<\/a>\n\t\t\t\t\t<\/div>\n\t\t\t\t\t<div id=\"elementor-tab-content-1026\" class=\"elementor-tab-content elementor-clearfix\" data-tab=\"6\" role=\"region\" aria-labelledby=\"elementor-tab-title-1026\"><ul><li>ADELPHI TARGIS, S.L.<\/li><li>ALMIRALL-PRODESFARMA, S.A.<\/li><li>COTY<\/li><li>S.M. ESPA\u00d1A, S.A.<\/li><li>ERKIMIA, S.A. \/ ERCROS INDUSTRIAL, S.A.<\/li><li>LCI COSMETICS INTERNACIONAL ESPA\u00d1A, S.A<\/li><li>LONZA IB\u00c9RICA, S.A.U.<\/li><li>OIL INVEST ESPA\u00d1A, S.A.<\/li><li>UNKEI 2001, S.L.<\/li><\/ul><\/div>\n\t\t\t\t<\/div>\n\t\t\t\t\t\t\t<div class=\"elementor-accordion-item\">\n\t\t\t\t\t<div id=\"elementor-tab-title-1027\" class=\"elementor-tab-title\" data-tab=\"7\" role=\"button\" aria-controls=\"elementor-tab-content-1027\" aria-expanded=\"false\">\n\t\t\t\t\t\t\t\t\t\t\t\t\t<span class=\"elementor-accordion-icon elementor-accordion-icon-left\" aria-hidden=\"true\">\n\t\t\t\t\t\t\t\t\t\t\t\t\t\t\t<i class=\"elementor-accordion-icon-closed fa fa-plus\"><\/i>\n\t\t\t\t\t\t\t\t<i class=\"elementor-accordion-icon-opened fa fa-minus\"><\/i>\n\t\t\t\t\t\t\t\t\t\t\t\t\t\t<\/span>\n\t\t\t\t\t\t\t\t\t\t\t\t<a class=\"elementor-accordion-title\" tabindex=\"0\">INDUSTRIAL<\/a>\n\t\t\t\t\t<\/div>\n\t\t\t\t\t<div id=\"elementor-tab-content-1027\" class=\"elementor-tab-content elementor-clearfix\" data-tab=\"7\" role=\"region\" aria-labelledby=\"elementor-tab-title-1027\"><ul><li>ACCIONA INMOBILIARIA, S.L.U.<\/li><li>AGRI-ENERG\u00cdA, S.A.<\/li><li>AGRI-ENERG\u00cdA EL\u00c9CTRICA, S.A<\/li><li>ALCOA INESPAL, S.A.<\/li><li>AMER SPORTS SPAIN, S.A<\/li><li>ANDRES SARD\u00c1<\/li><li>AREVA T&amp;D IB\u00c9RICA, S.A.<\/li><li>COMPA\u00d1\u00cdA SCHOLL, S.A.<\/li><li>EUROCORSET, S.A.<\/li><li>FYTISA<\/li><li>McDONALD&#8217;S<\/li><li>OBRADORS, S.A.<\/li><li>RISO IB\u00c9RICA, S.A.<\/li><li>UPONOR RESIPLAST, S.A.<\/li><\/ul><\/div>\n\t\t\t\t<\/div>\n\t\t\t\t\t\t\t<div class=\"elementor-accordion-item\">\n\t\t\t\t\t<div id=\"elementor-tab-title-1028\" class=\"elementor-tab-title\" data-tab=\"8\" role=\"button\" aria-controls=\"elementor-tab-content-1028\" aria-expanded=\"false\">\n\t\t\t\t\t\t\t\t\t\t\t\t\t<span class=\"elementor-accordion-icon elementor-accordion-icon-left\" aria-hidden=\"true\">\n\t\t\t\t\t\t\t\t\t\t\t\t\t\t\t<i class=\"elementor-accordion-icon-closed fa fa-plus\"><\/i>\n\t\t\t\t\t\t\t\t<i class=\"elementor-accordion-icon-opened fa fa-minus\"><\/i>\n\t\t\t\t\t\t\t\t\t\t\t\t\t\t<\/span>\n\t\t\t\t\t\t\t\t\t\t\t\t<a class=\"elementor-accordion-title\" tabindex=\"0\">JUR\u00cdDICO<\/a>\n\t\t\t\t\t<\/div>\n\t\t\t\t\t<div id=\"elementor-tab-content-1028\" class=\"elementor-tab-content elementor-clearfix\" data-tab=\"8\" role=\"region\" aria-labelledby=\"elementor-tab-title-1028\"><ul><li>BUFETE CONSTANT\u00cd PERA ADVOCATS<\/li><li>BUFETE MARROQU\u00cdN ABOGADOS ASOCIADOS<\/li><li>CARBALLO ASESORES ASOCIADOS, S.L.<\/li><li>CENTRE CATAL\u00c0 D&#8217;ASSESSORAMENT, S.A.<\/li><li>GRECCHIA, S.L.<\/li><li>IGC INTER GRUP CONSULTORS, S.A<\/li><li>LLAD\u00d3 ADVOCATS GRUP CONSULTOR, S.A<\/li><li>NOTAR\u00cdA RAM\u00d3N GARC\u00cdA-TORRENT<\/li><li>NOTAR\u00cdA SALVADOR CARBALLO<\/li><\/ul><\/div>\n\t\t\t\t<\/div>\n\t\t\t\t\t\t\t<div class=\"elementor-accordion-item\">\n\t\t\t\t\t<div id=\"elementor-tab-title-1029\" class=\"elementor-tab-title\" data-tab=\"9\" role=\"button\" aria-controls=\"elementor-tab-content-1029\" aria-expanded=\"false\">\n\t\t\t\t\t\t\t\t\t\t\t\t\t<span class=\"elementor-accordion-icon elementor-accordion-icon-left\" aria-hidden=\"true\">\n\t\t\t\t\t\t\t\t\t\t\t\t\t\t\t<i class=\"elementor-accordion-icon-closed fa fa-plus\"><\/i>\n\t\t\t\t\t\t\t\t<i class=\"elementor-accordion-icon-opened fa fa-minus\"><\/i>\n\t\t\t\t\t\t\t\t\t\t\t\t\t\t<\/span>\n\t\t\t\t\t\t\t\t\t\t\t\t<a class=\"elementor-accordion-title\" tabindex=\"0\">NUEVAS TECNOLOG\u00cdAS<\/a>\n\t\t\t\t\t<\/div>\n\t\t\t\t\t<div id=\"elementor-tab-content-1029\" class=\"elementor-tab-content elementor-clearfix\" data-tab=\"9\" role=\"region\" aria-labelledby=\"elementor-tab-title-1029\"><ul><li>DELL COMPUTER, S.A.<\/li><li>ICCOS MULTISOFT<\/li><li>HYPROTECH EUROPE, S.L.<\/li><li>LECHILL, S.L.<\/li><li>MENTA, CABLE I TELEVISI\u00d3 DE CATALUNYA, S.A.<\/li><li>PARADIGMA TEC, S.L.<\/li><li>PENTEO<\/li><li>REVIEW RANK, S.A.<\/li><li>C.A.E.<\/li><\/ul><\/div>\n\t\t\t\t<\/div>\n\t\t\t\t\t\t\t<div class=\"elementor-accordion-item\">\n\t\t\t\t\t<div id=\"elementor-tab-title-10210\" class=\"elementor-tab-title\" data-tab=\"10\" role=\"button\" aria-controls=\"elementor-tab-content-10210\" aria-expanded=\"false\">\n\t\t\t\t\t\t\t\t\t\t\t\t\t<span class=\"elementor-accordion-icon elementor-accordion-icon-left\" aria-hidden=\"true\">\n\t\t\t\t\t\t\t\t\t\t\t\t\t\t\t<i class=\"elementor-accordion-icon-closed fa fa-plus\"><\/i>\n\t\t\t\t\t\t\t\t<i class=\"elementor-accordion-icon-opened fa fa-minus\"><\/i>\n\t\t\t\t\t\t\t\t\t\t\t\t\t\t<\/span>\n\t\t\t\t\t\t\t\t\t\t\t\t<a class=\"elementor-accordion-title\" tabindex=\"0\">P\u00daBLICO<\/a>\n\t\t\t\t\t<\/div>\n\t\t\t\t\t<div id=\"elementor-tab-content-10210\" class=\"elementor-tab-content elementor-clearfix\" data-tab=\"10\" role=\"region\" aria-labelledby=\"elementor-tab-title-10210\"><ul><li>CONSEJO SUPERIOR DE INVESTIGACIONES CIENT\u00cdFICAS<\/li><li>CONSORCI URBANISTIC EIXAMPLE NORD DEL PRAT DE LLOBREGAT<\/li><li>FEDERACI\u00d3 CATALANA D&#8217;ESCACS<\/li><li>GENERALITAT DE CATALUNYA<\/li><li>L&#8217;ESPAI<\/li><li>DIAGONAL TV, S.A.<\/li><\/ul><\/div>\n\t\t\t\t<\/div>\n\t\t\t\t\t\t\t<div class=\"elementor-accordion-item\">\n\t\t\t\t\t<div id=\"elementor-tab-title-10211\" class=\"elementor-tab-title\" data-tab=\"11\" role=\"button\" aria-controls=\"elementor-tab-content-10211\" aria-expanded=\"false\">\n\t\t\t\t\t\t\t\t\t\t\t\t\t<span class=\"elementor-accordion-icon elementor-accordion-icon-left\" aria-hidden=\"true\">\n\t\t\t\t\t\t\t\t\t\t\t\t\t\t\t<i class=\"elementor-accordion-icon-closed fa fa-plus\"><\/i>\n\t\t\t\t\t\t\t\t<i class=\"elementor-accordion-icon-opened fa fa-minus\"><\/i>\n\t\t\t\t\t\t\t\t\t\t\t\t\t\t<\/span>\n\t\t\t\t\t\t\t\t\t\t\t\t<a class=\"elementor-accordion-title\" tabindex=\"0\">SEGUROS<\/a>\n\t\t\t\t\t<\/div>\n\t\t\t\t\t<div id=\"elementor-tab-content-10211\" class=\"elementor-tab-content elementor-clearfix\" data-tab=\"11\" role=\"region\" aria-labelledby=\"elementor-tab-title-10211\"><ul><li>ADELL SEGUROS<\/li><li>AVIVA VIDA Y PENSIONES, S.A.<\/li><li>GESCOBERT CORREDUR\u00cdA DE SEGUROS, S.L.<\/li><li>MAX GALCER\u00c1N, S.A.<\/li><li>MUSAAT<\/li><li>NORWICH UNION<\/li><li>ROYAL-SUN ALLIANCE, S.A.<\/li><li>Y J. CALZADO PERITACIONES DE SEGUROS, S.L.<\/li><li>SEGUROS G\u00c9NESIS, S.A.<\/li><li>VETOP CORREDUR\u00cdA DE SEGUROS, S.A.<\/li><li>ZURICH SEGUROS<\/li><\/ul><\/div>\n\t\t\t\t<\/div>\n\t\t\t\t\t\t\t<div class=\"elementor-accordion-item\">\n\t\t\t\t\t<div id=\"elementor-tab-title-10212\" class=\"elementor-tab-title\" data-tab=\"12\" role=\"button\" aria-controls=\"elementor-tab-content-10212\" aria-expanded=\"false\">\n\t\t\t\t\t\t\t\t\t\t\t\t\t<span class=\"elementor-accordion-icon elementor-accordion-icon-left\" aria-hidden=\"true\">\n\t\t\t\t\t\t\t\t\t\t\t\t\t\t\t<i class=\"elementor-accordion-icon-closed fa fa-plus\"><\/i>\n\t\t\t\t\t\t\t\t<i class=\"elementor-accordion-icon-opened fa fa-minus\"><\/i>\n\t\t\t\t\t\t\t\t\t\t\t\t\t\t<\/span>\n\t\t\t\t\t\t\t\t\t\t\t\t<a class=\"elementor-accordion-title\" tabindex=\"0\">SERVICIOS<\/a>\n\t\t\t\t\t<\/div>\n\t\t\t\t\t<div id=\"elementor-tab-content-10212\" class=\"elementor-tab-content elementor-clearfix\" data-tab=\"12\" role=\"region\" aria-labelledby=\"elementor-tab-title-10212\"><ul><li>AB MITING PLANNERS, S.L.<\/li><li>ARROYO-NORTE, S.A.<\/li><li>BG ASESORES INMOBILIARIOS<\/li><li>BIG BANG, S.A.<\/li><li>CAPOLRA, S.A.<\/li><li>CENTRO MUNICIPAL DE VELA DE BARCELONA<\/li><li>CLOVER SERVICES, S.A.<\/li><li>CLUB N\u00c1UTICO VILASSAR DE MAR<\/li><li>COMERCIAL DE INMUEBLES Y ALQUILERES, S.A.<\/li><li>CONSORCIO MERCANTIL, S.A.<\/li><li>CORPORACI\u00d3N TRAVEL PARTNERS, S.A.<\/li><li>CP SOFTWARE, S.A<\/li><li>G.M.<\/li><li>DKMS<\/li><li>DIEXPER, S.L.<\/li><li>EDREM, S.L.<\/li><li>EDUCAONLINE, S.L.<\/li><li>EMERGIA, S.L.<\/li><li>ENGINYER\u00cdA PAMIAS<\/li><li>ENGINYER\u00cdA PUJADAS, S.C.P.<\/li><li>ESPECTARAMA, S.A. (CINES VERDI)<\/li><li>GALOESPI, S.L.<\/li><li>GESTI\u00d3N Y ESPECIFICACIONES T\u00c9CNICAS, S.L.<\/li><li>GESTI\u00d3 I SERVEIS M\u00c8DICS, S.L.<\/li><li>V.G.T. ASOCIADOS<\/li><li>GRUPO GEYSECO, S.L.<\/li><li>HOTEL ABBOT<\/li><li>HOTEL EL CASTELL DE SANT BOI, S.L.<\/li><li>IMMOTUSET, S.L.<\/li><li>INAMICOR, S.L.<\/li><li>INFOINVEST, S.A.<\/li><li>INGENIER\u00cdA DE FLUIDOS, S.A.<\/li><li>INMOBILIARIA PALAUDAR\u00cdAS, S.A.<\/li><li>JONS LANG LASALLE ESPA\u00d1A, S.A.<\/li><li>MILLETI, S.L.<\/li><li>MOTYVEL YACHT CHARTER, S.L.<\/li><li>OBRA BEN\u00c9FICO SOCIAL DEL NEN D\u00c9U<\/li><li>OXICELL, S.A.<\/li><li>PAPELES REPROGR\u00c1FICOS, S.A.<\/li><li>PISAN CAT, S.L.<\/li><li>PRAMISER, S.L.<\/li><li>PREMIER EQUIPES, S.L.<\/li><li>PRESENCE TECHNOLOGY, S.L.<\/li><li>QDERM CIRUG\u00cdA PL\u00c1STICA Y DERMATOL\u00d3GICA, S.L.<\/li><li>RESIDENCIA DE ESTUDIANTES ROCA, S.L.<\/li><li>SAGATU ASOCIADOS COMERCIALES HOTER\u00cdA, S.L.<\/li><li>SERCOTEL<\/li><li>SOLDUFI, S.L.<\/li><li>SUPERVISI\u00d3N M\u00c9DICA, S.L.<\/li><li>VALLCORBA GESTI\u00d3N Y SERVICIOS, S.L.<\/li><li>WALTON, S.L.<\/li><\/ul><\/div>\n\t\t\t\t<\/div>\n\t\t\t\t\t\t\t\t<\/div>\n\t\t\t\t\t\t<\/div>\n\t\t\t\t<\/div>\n\t\t\t\t\t<\/div>\n\t\t<\/div>\n\t\t\t\t\t<\/div>\n\t\t<\/section>\n\t\t\t\t<\/div>\n\t\t","protected":false},"excerpt":{"rendered":"<p class=\"excerpt\">RELACI\u00d3N CLIENTES AERON\u00c1UTICA D.I. PROYECTOS Y MONTAJES, S.A. T.D. LOT. L\u00edneas A\u00e9reas Polacas MINDPEARL AG SINGAPORE AIRLINES SWISS INTERNATIONAL AIRLINES TAP, Transportes A\u00e9reos Portuguses COMERCIO ACAV (ASSOCIACI\u00d3 CATALANA D&#8217;AGENCIES DE VIATGES) ANTONIO MIR\u00d3, S.L. CIA CATALANA DE C\u00c1TERING F\u00c9LIX MEDIANO GALER\u00cdA MARC DOM\u00c9NEC LOOP-PLAY, S.L. SNO MITO N\u00d3RDICO, S.L. COMUNICACI\u00d3N Y PUBLICIDAD ACCI\u00d3N MEDIA PUBLICIDAD, [&hellip;]<\/p>\n","protected":false},"author":1,"featured_media":0,"parent":0,"menu_order":0,"comment_status":"closed","ping_status":"open","template":"elementor_header_footer","meta":{"footnotes":""},"class_list":["post-53","page","type-page","status-publish","hentry"],"_links":{"self":[{"href":"https:\/\/trebla.info\/en\/wp-json\/wp\/v2\/pages\/53","targetHints":{"allow":["GET"]}}],"collection":[{"href":"https:\/\/trebla.info\/en\/wp-json\/wp\/v2\/pages"}],"about":[{"href":"https:\/\/trebla.info\/en\/wp-json\/wp\/v2\/types\/page"}],"author":[{"embeddable":true,"href":"https:\/\/trebla.info\/en\/wp-json\/wp\/v2\/users\/1"}],"replies":[{"embeddable":true,"href":"https:\/\/trebla.info\/en\/wp-json\/wp\/v2\/comments?post=53"}],"version-history":[{"count":11,"href":"https:\/\/trebla.info\/en\/wp-json\/wp\/v2\/pages\/53\/revisions"}],"predecessor-version":[{"id":253,"href":"https:\/\/trebla.info\/en\/wp-json\/wp\/v2\/pages\/53\/revisions\/253"}],"wp:attachment":[{"href":"https:\/\/trebla.info\/en\/wp-json\/wp\/v2\/media?parent=53"}],"curies":[{"name":"wp","href":"https:\/\/api.w.org\/{rel}","templated":true}]}}