{"id":169,"date":"2019-01-20T16:33:58","date_gmt":"2019-01-20T16:33:58","guid":{"rendered":"http:\/\/trebla.info\/?page_id=169"},"modified":"2019-02-13T09:40:12","modified_gmt":"2019-02-13T09:40:12","slug":"aviso-legal","status":"publish","type":"page","link":"https:\/\/trebla.info\/en\/aviso-legal","title":{"rendered":"Legal Warning"},"content":{"rendered":"\t\t<div data-elementor-type=\"wp-post\" data-elementor-id=\"169\" class=\"elementor elementor-169 elementor-bc-flex-widget\" data-elementor-post-type=\"page\">\n\t\t\t\t\t\t<section class=\"elementor-section elementor-inner-section elementor-element elementor-element-5434b707 elementor-section-boxed elementor-section-height-default elementor-section-height-default\" data-id=\"5434b707\" data-element_type=\"section\" data-e-type=\"section\" data-settings=\"{&quot;jet_parallax_layout_list&quot;:[{&quot;jet_parallax_layout_image&quot;:{&quot;url&quot;:&quot;&quot;,&quot;id&quot;:&quot;&quot;,&quot;size&quot;:&quot;&quot;},&quot;_id&quot;:&quot;fa50b75&quot;,&quot;jet_parallax_layout_image_tablet&quot;:{&quot;url&quot;:&quot;&quot;,&quot;id&quot;:&quot;&quot;,&quot;size&quot;:&quot;&quot;},&quot;jet_parallax_layout_image_mobile&quot;:{&quot;url&quot;:&quot;&quot;,&quot;id&quot;:&quot;&quot;,&quot;size&quot;:&quot;&quot;},&quot;jet_parallax_layout_speed&quot;:{&quot;unit&quot;:&quot;%&quot;,&quot;size&quot;:50,&quot;sizes&quot;:[]},&quot;jet_parallax_layout_type&quot;:&quot;scroll&quot;,&quot;jet_parallax_layout_z_index&quot;:&quot;&quot;,&quot;jet_parallax_layout_bg_x&quot;:50,&quot;jet_parallax_layout_bg_y&quot;:50,&quot;jet_parallax_layout_bg_size&quot;:&quot;auto&quot;,&quot;jet_parallax_layout_animation_prop&quot;:&quot;transform&quot;,&quot;jet_parallax_layout_on&quot;:[&quot;desktop&quot;,&quot;tablet&quot;],&quot;jet_parallax_layout_direction&quot;:&quot;1&quot;,&quot;jet_parallax_layout_fx_direction&quot;:null,&quot;jet_parallax_layout_bg_x_tablet&quot;:&quot;&quot;,&quot;jet_parallax_layout_bg_x_mobile&quot;:&quot;&quot;,&quot;jet_parallax_layout_bg_y_tablet&quot;:&quot;&quot;,&quot;jet_parallax_layout_bg_y_mobile&quot;:&quot;&quot;,&quot;jet_parallax_layout_bg_size_tablet&quot;:&quot;&quot;,&quot;jet_parallax_layout_bg_size_mobile&quot;:&quot;&quot;}]}\">\n\t\t\t\t\t\t<div class=\"elementor-container elementor-column-gap-default\">\n\t\t\t\t\t<div class=\"elementor-column elementor-col-100 elementor-inner-column elementor-element elementor-element-f8f7a07\" data-id=\"f8f7a07\" data-element_type=\"column\" data-e-type=\"column\">\n\t\t\t<div class=\"elementor-widget-wrap elementor-element-populated\">\n\t\t\t\t\t\t<div class=\"elementor-element elementor-element-24621503 elementor-widget elementor-widget-spacer\" data-id=\"24621503\" data-element_type=\"widget\" data-e-type=\"widget\" data-widget_type=\"spacer.default\">\n\t\t\t\t<div class=\"elementor-widget-container\">\n\t\t\t\t\t\t\t<div class=\"elementor-spacer\">\n\t\t\t<div class=\"elementor-spacer-inner\"><\/div>\n\t\t<\/div>\n\t\t\t\t\t\t<\/div>\n\t\t\t\t<\/div>\n\t\t\t\t<div class=\"elementor-element elementor-element-54cc1162 elementor-invisible elementor-widget elementor-widget-heading\" data-id=\"54cc1162\" data-element_type=\"widget\" data-e-type=\"widget\" data-settings=\"{&quot;_animation&quot;:&quot;fadeInLeft&quot;}\" data-widget_type=\"heading.default\">\n\t\t\t\t<div class=\"elementor-widget-container\">\n\t\t\t\t\t<h2 class=\"elementor-heading-title elementor-size-default\">AVISO LEGAL<\/h2>\t\t\t\t<\/div>\n\t\t\t\t<\/div>\n\t\t\t\t<div class=\"elementor-element elementor-element-f0c05e6 elementor-widget elementor-widget-spacer\" data-id=\"f0c05e6\" data-element_type=\"widget\" data-e-type=\"widget\" data-widget_type=\"spacer.default\">\n\t\t\t\t<div class=\"elementor-widget-container\">\n\t\t\t\t\t\t\t<div class=\"elementor-spacer\">\n\t\t\t<div class=\"elementor-spacer-inner\"><\/div>\n\t\t<\/div>\n\t\t\t\t\t\t<\/div>\n\t\t\t\t<\/div>\n\t\t\t\t\t<\/div>\n\t\t<\/div>\n\t\t\t\t\t<\/div>\n\t\t<\/section>\n\t\t\t\t<section class=\"elementor-section elementor-top-section elementor-element elementor-element-421589dd elementor-section-boxed elementor-section-height-default elementor-section-height-default elementor-invisible\" data-id=\"421589dd\" data-element_type=\"section\" data-e-type=\"section\" data-settings=\"{&quot;jet_parallax_layout_list&quot;:[{&quot;jet_parallax_layout_image&quot;:{&quot;url&quot;:&quot;&quot;,&quot;id&quot;:&quot;&quot;,&quot;size&quot;:&quot;&quot;},&quot;_id&quot;:&quot;9e4ae7b&quot;,&quot;jet_parallax_layout_speed&quot;:{&quot;unit&quot;:&quot;%&quot;,&quot;size&quot;:50,&quot;sizes&quot;:[]},&quot;jet_parallax_layout_type&quot;:&quot;scroll&quot;,&quot;jet_parallax_layout_z_index&quot;:&quot;&quot;,&quot;jet_parallax_layout_bg_x&quot;:50,&quot;jet_parallax_layout_bg_y&quot;:50,&quot;jet_parallax_layout_bg_size&quot;:&quot;auto&quot;,&quot;jet_parallax_layout_animation_prop&quot;:&quot;transform&quot;,&quot;jet_parallax_layout_on&quot;:[&quot;desktop&quot;,&quot;tablet&quot;],&quot;jet_parallax_layout_image_tablet&quot;:{&quot;url&quot;:&quot;&quot;,&quot;id&quot;:&quot;&quot;,&quot;size&quot;:&quot;&quot;},&quot;jet_parallax_layout_image_mobile&quot;:{&quot;url&quot;:&quot;&quot;,&quot;id&quot;:&quot;&quot;,&quot;size&quot;:&quot;&quot;},&quot;jet_parallax_layout_direction&quot;:&quot;1&quot;,&quot;jet_parallax_layout_fx_direction&quot;:null,&quot;jet_parallax_layout_bg_x_tablet&quot;:&quot;&quot;,&quot;jet_parallax_layout_bg_x_mobile&quot;:&quot;&quot;,&quot;jet_parallax_layout_bg_y_tablet&quot;:&quot;&quot;,&quot;jet_parallax_layout_bg_y_mobile&quot;:&quot;&quot;,&quot;jet_parallax_layout_bg_size_tablet&quot;:&quot;&quot;,&quot;jet_parallax_layout_bg_size_mobile&quot;:&quot;&quot;}],&quot;animation&quot;:&quot;fadeInUp&quot;,&quot;animation_delay&quot;:700}\">\n\t\t\t\t\t\t<div class=\"elementor-container elementor-column-gap-default\">\n\t\t\t\t\t<div class=\"elementor-column elementor-col-100 elementor-top-column elementor-element elementor-element-7702abea\" data-id=\"7702abea\" data-element_type=\"column\" data-e-type=\"column\">\n\t\t\t<div class=\"elementor-widget-wrap elementor-element-populated\">\n\t\t\t\t\t\t<div class=\"elementor-element elementor-element-2cfd22a elementor-widget elementor-widget-text-editor\" data-id=\"2cfd22a\" data-element_type=\"widget\" data-e-type=\"widget\" data-widget_type=\"text-editor.default\">\n\t\t\t\t<div class=\"elementor-widget-container\">\n\t\t\t\t\t\t\t\t\t<p>En cumplimiento de la Ley 34\/2002, de 11 de julio, de Servicios de la Sociedad de la Informaci\u00f3n y de Comercio Electr\u00f3nico (LSSI-CE), TREBLA TACSA, SL informa que es titular del sitio web WWW.TREBLA.INFO.\u00a0 De acuerdo con la exigencia del art\u00edculo 10 de la citada Ley, TREBLA TACSA, SL informa de los siguientes datos:<\/p>\t\t\t\t\t\t\t\t<\/div>\n\t\t\t\t<\/div>\n\t\t\t\t<div class=\"elementor-element elementor-element-14644157 elementor-widget elementor-widget-text-editor\" data-id=\"14644157\" data-element_type=\"widget\" data-e-type=\"widget\" data-widget_type=\"text-editor.default\">\n\t\t\t\t<div class=\"elementor-widget-container\">\n\t\t\t\t\t\t\t\t\t<p>El titular de este sitio web es TREBLA TACSA, SL, con CIF B63869739 y domicilio social en calle MALLORCA, 342 \u2013 Ent. 2\u00aa &#8211; 08013 \u2013 BARCELONA, inscrita en el Registro Mercantil, en el tomo 37629, folio 0008, hoja B-306391 e inscripci\u00f3n 1\u00aa. La direcci\u00f3n de correo electr\u00f3nico de contacto con la empresa es: <a href=\"mailto:trebla@trebla.info\">TREBLA@TREBLA.INFO<\/a><\/p>\t\t\t\t\t\t\t\t<\/div>\n\t\t\t\t<\/div>\n\t\t\t\t<div class=\"elementor-element elementor-element-b9a31aa elementor-widget elementor-widget-text-editor\" data-id=\"b9a31aa\" data-element_type=\"widget\" data-e-type=\"widget\" data-widget_type=\"text-editor.default\">\n\t\t\t\t<div class=\"elementor-widget-container\">\n\t\t\t\t\t\t\t\t\t<p><strong>Usuario y r\u00e9gimen de responsabilidades<br \/><\/strong><\/p>\t\t\t\t\t\t\t\t<\/div>\n\t\t\t\t<\/div>\n\t\t\t\t<div class=\"elementor-element elementor-element-39a29138 elementor-widget elementor-widget-text-editor\" data-id=\"39a29138\" data-element_type=\"widget\" data-e-type=\"widget\" data-widget_type=\"text-editor.default\">\n\t\t\t\t<div class=\"elementor-widget-container\">\n\t\t\t\t\t\t\t\t\t<p>La navegaci\u00f3n, acceso y uso por el sitio web de TREBLA TACSA, SL confiere la condici\u00f3n de usuario, por la que se aceptan, desde la navegaci\u00f3n por el sitio web de TREBLA TACSA, SL, todas las condiciones de uso aqu\u00ed establecidas sin perjuicio de la aplicaci\u00f3n de la correspondiente normativa de obligado cumplimiento legal seg\u00fan el caso.<\/p>\t\t\t\t\t\t\t\t<\/div>\n\t\t\t\t<\/div>\n\t\t\t\t<div class=\"elementor-element elementor-element-48c4710e elementor-widget elementor-widget-text-editor\" data-id=\"48c4710e\" data-element_type=\"widget\" data-e-type=\"widget\" data-widget_type=\"text-editor.default\">\n\t\t\t\t<div class=\"elementor-widget-container\">\n\t\t\t\t\t\t\t\t\t<p>El sitio web de TREBLA TACSA, SL proporciona gran diversidad de informaci\u00f3n, servicios y datos. El usuario asume su responsabilidad en el uso correcto del sitio web. Esta responsabilidad se extender\u00e1 a:<\/p>\t\t\t\t\t\t\t\t<\/div>\n\t\t\t\t<\/div>\n\t\t\t\t<div class=\"elementor-element elementor-element-27ff69b9 elementor-widget elementor-widget-text-editor\" data-id=\"27ff69b9\" data-element_type=\"widget\" data-e-type=\"widget\" data-widget_type=\"text-editor.default\">\n\t\t\t\t<div class=\"elementor-widget-container\">\n\t\t\t\t\t\t\t\t\t<ul><li>La veracidad y licitud de las informaciones aportadas por el usuario en los formularios extendidos por TREBLA TACSA, SL para el acceso a ciertos contenidos o servicios ofrecidos por la web.<\/li><li>El uso de la informaci\u00f3n, servicios y datos ofrecidos por TREBLA TACSA, SL contrariamente a lo dispuesto por las presentes condiciones, la Ley, la moral, las buenas costumbres o el orden p\u00fablico, o que de cualquier otro modo puedan suponer lesi\u00f3n de los derechos de terceros o del mismo funcionamiento del sitio web.<\/li><\/ul>\t\t\t\t\t\t\t\t<\/div>\n\t\t\t\t<\/div>\n\t\t\t\t<div class=\"elementor-element elementor-element-f9c46ac elementor-widget elementor-widget-text-editor\" data-id=\"f9c46ac\" data-element_type=\"widget\" data-e-type=\"widget\" data-widget_type=\"text-editor.default\">\n\t\t\t\t<div class=\"elementor-widget-container\">\n\t\t\t\t\t\t\t\t\t<p><strong>Pol\u00edtica de enlaces y exenciones de responsabilidad<br \/><\/strong><\/p>\t\t\t\t\t\t\t\t<\/div>\n\t\t\t\t<\/div>\n\t\t\t\t<div class=\"elementor-element elementor-element-648f2072 elementor-widget elementor-widget-text-editor\" data-id=\"648f2072\" data-element_type=\"widget\" data-e-type=\"widget\" data-widget_type=\"text-editor.default\">\n\t\t\t\t<div class=\"elementor-widget-container\">\n\t\t\t\t\t\t\t\t\t<p>TREBLA TACSA, SL no se hace responsable del contenido de los sitios web a los que el usuario pueda acceder a trav\u00e9s de los enlaces establecidos en su sitio web y declara que en ning\u00fan caso proceder\u00e1 a examinar o ejercitar ning\u00fan tipo de control sobre el contenido de otros sitios de la red. Asimismo, tampoco garantizar\u00e1 la disponibilidad t\u00e9cnica, exactitud, veracidad, validez o legalidad de sitios ajenos a su propiedad a los que se pueda acceder por medio de los enlaces.<\/p>\t\t\t\t\t\t\t\t<\/div>\n\t\t\t\t<\/div>\n\t\t\t\t<div class=\"elementor-element elementor-element-eb550a3 elementor-widget elementor-widget-text-editor\" data-id=\"eb550a3\" data-element_type=\"widget\" data-e-type=\"widget\" data-widget_type=\"text-editor.default\">\n\t\t\t\t<div class=\"elementor-widget-container\">\n\t\t\t\t\t\t\t\t\t<p>TREBLA TACSA, SL declara haber adoptado todas las medidas necesarias para evitar cualquier da\u00f1o a los usuarios de su sitio web, que pudieran derivarse de la navegaci\u00f3n por su sitio web. En consecuencia, TREBLA TACSA, SL no se hace responsable, en ning\u00fan caso, de los eventuales da\u00f1os que por la navegaci\u00f3n por Internet pudiera sufrir el usuario.<\/p>\t\t\t\t\t\t\t\t<\/div>\n\t\t\t\t<\/div>\n\t\t\t\t<div class=\"elementor-element elementor-element-573039ed elementor-widget elementor-widget-text-editor\" data-id=\"573039ed\" data-element_type=\"widget\" data-e-type=\"widget\" data-widget_type=\"text-editor.default\">\n\t\t\t\t<div class=\"elementor-widget-container\">\n\t\t\t\t\t\t\t\t\t<p><strong>Modificaciones<br \/><\/strong><\/p>\t\t\t\t\t\t\t\t<\/div>\n\t\t\t\t<\/div>\n\t\t\t\t<div class=\"elementor-element elementor-element-7845bb6 elementor-widget elementor-widget-text-editor\" data-id=\"7845bb6\" data-element_type=\"widget\" data-e-type=\"widget\" data-widget_type=\"text-editor.default\">\n\t\t\t\t<div class=\"elementor-widget-container\">\n\t\t\t\t\t\t\t\t\t<p>TREBLA TACSA, SL se reserva el derecho a realizar las modificaciones que considere oportunas, sin aviso previo, en el contenido de su sitio web. Tanto en lo referente a los contenidos del sitio web, como en las condiciones de uso del mismo. Dichas modificaciones podr\u00e1n realizarse a trav\u00e9s de su sitio web por cualquier forma admisible en derecho y ser\u00e1n de obligado cumplimiento durante el tiempo en que se encuentren publicadas en la web y hasta que no sean modificadas v\u00e1lidamente por otras posteriores.<\/p>\t\t\t\t\t\t\t\t<\/div>\n\t\t\t\t<\/div>\n\t\t\t\t<div class=\"elementor-element elementor-element-281579d8 elementor-widget elementor-widget-text-editor\" data-id=\"281579d8\" data-element_type=\"widget\" data-e-type=\"widget\" data-widget_type=\"text-editor.default\">\n\t\t\t\t<div class=\"elementor-widget-container\">\n\t\t\t\t\t\t\t\t\t<p><strong>Protecci\u00f3n de datos<br \/><\/strong><\/p>\t\t\t\t\t\t\t\t<\/div>\n\t\t\t\t<\/div>\n\t\t\t\t<div class=\"elementor-element elementor-element-41c68c0e elementor-widget elementor-widget-text-editor\" data-id=\"41c68c0e\" data-element_type=\"widget\" data-e-type=\"widget\" data-widget_type=\"text-editor.default\">\n\t\t\t\t<div class=\"elementor-widget-container\">\n\t\t\t\t\t\t\t\t\t<p>De conformidad con lo establecido en la normativa vigente en Protecci\u00f3n de Datos de Car\u00e1cter Personal, le informamos que sus datos ser\u00e1n incorporados al sistema de tratamiento titularidad de TREBLA TACSA, SL con CIF B63869739 y domicilio social sito en calle MALLORCA, 342, Ent. 2\u00aa \u2013 08013 \u2013 BARCELONA, con la finalidad de poder facilitar, agilizar y cumplir los compromisos establecidos entre ambas partes. En cumplimiento con la normativa vigente, TREBLA TACSA, SL informa que los datos ser\u00e1n conservados durante el plazo estrictamente necesario para cumplir con los preceptos mencionados con anterioridad.<\/p>\t\t\t\t\t\t\t\t<\/div>\n\t\t\t\t<\/div>\n\t\t\t\t<div class=\"elementor-element elementor-element-2ba0403c elementor-widget elementor-widget-text-editor\" data-id=\"2ba0403c\" data-element_type=\"widget\" data-e-type=\"widget\" data-widget_type=\"text-editor.default\">\n\t\t\t\t<div class=\"elementor-widget-container\">\n\t\t\t\t\t\t\t\t\t<p>Mientras no nos comunique lo contrario, entenderemos que sus datos no han sido modificados, que usted se compromete a notificarnos cualquier variaci\u00f3n y que tenemos su consentimiento para utilizarlos para las finalidades mencionadas.<\/p>\t\t\t\t\t\t\t\t<\/div>\n\t\t\t\t<\/div>\n\t\t\t\t<div class=\"elementor-element elementor-element-315637a3 elementor-widget elementor-widget-text-editor\" data-id=\"315637a3\" data-element_type=\"widget\" data-e-type=\"widget\" data-widget_type=\"text-editor.default\">\n\t\t\t\t<div class=\"elementor-widget-container\">\n\t\t\t\t\t\t\t\t\t<p>TREBLA TACSA, SL informa que proceder\u00e1 a tratar los datos de manera l\u00edcita, leal, transparente, adecuada, pertinente, limitada, exacta y actualizada. Es por ello que TREBLA TACSA, SL se compromete a adoptar todas las medidas razonables para que estos se supriman o rectifiquen sin dilaci\u00f3n cuando sean inexactos.<\/p>\t\t\t\t\t\t\t\t<\/div>\n\t\t\t\t<\/div>\n\t\t\t\t<div class=\"elementor-element elementor-element-5d1fd9fe elementor-widget elementor-widget-text-editor\" data-id=\"5d1fd9fe\" data-element_type=\"widget\" data-e-type=\"widget\" data-widget_type=\"text-editor.default\">\n\t\t\t\t<div class=\"elementor-widget-container\">\n\t\t\t\t\t\t\t\t\t<p>De acuerdo con los derechos que le confiere la normativa vigente en protecci\u00f3n de datos podr\u00e1 ejercer los derechos de acceso, rectificaci\u00f3n, limitaci\u00f3n de tratamiento, supresi\u00f3n, portabilidad y oposici\u00f3n al tratamiento de sus datos de car\u00e1cter personal as\u00ed como del consentimiento prestado para el tratamiento de los mismos, dirigiendo su petici\u00f3n a la direcci\u00f3n postal indicada m\u00e1s arriba o al correo electr\u00f3nico <a href=\"mailto:trebla@trebla.info\">TREBLA@TREBLA.INFO<\/a><\/p>\t\t\t\t\t\t\t\t<\/div>\n\t\t\t\t<\/div>\n\t\t\t\t<div class=\"elementor-element elementor-element-7515f115 elementor-widget elementor-widget-text-editor\" data-id=\"7515f115\" data-element_type=\"widget\" data-e-type=\"widget\" data-widget_type=\"text-editor.default\">\n\t\t\t\t<div class=\"elementor-widget-container\">\n\t\t\t\t\t\t\t\t\t<p><strong>Propiedad intelectual e industrial<br \/><\/strong><\/p>\t\t\t\t\t\t\t\t<\/div>\n\t\t\t\t<\/div>\n\t\t\t\t<div class=\"elementor-element elementor-element-7182d1da elementor-widget elementor-widget-text-editor\" data-id=\"7182d1da\" data-element_type=\"widget\" data-e-type=\"widget\" data-widget_type=\"text-editor.default\">\n\t\t\t\t<div class=\"elementor-widget-container\">\n\t\t\t\t\t\t\t\t\t<p>TREBLA TACSA, SL por s\u00ed misma o como cesionaria, es titular de todos los derechos de propiedad intelectual e industrial de su p\u00e1gina web, as\u00ed como de los elementos contenidos en la misma (a t\u00edtulo enunciativo, im\u00e1genes, sonido, audio, v\u00eddeo, software o textos; marcas o logotipos, combinaciones de colores, estructura y dise\u00f1o, selecci\u00f3n de materiales usados, programas de ordenador necesarios para su funcionamiento, acceso y uso, etc.), titularidad de TREBLA TACSA SL. Ser\u00e1n, por consiguiente, obras protegidas como propiedad intelectual por el ordenamiento jur\u00eddico espa\u00f1ol, si\u00e9ndoles aplicables tanto la normativa espa\u00f1ola y comunitaria en este campo, como los tratados internacionales relativos a la materia y suscritos por Espa\u00f1a.<\/p>\t\t\t\t\t\t\t\t<\/div>\n\t\t\t\t<\/div>\n\t\t\t\t<div class=\"elementor-element elementor-element-4b71455a elementor-widget elementor-widget-text-editor\" data-id=\"4b71455a\" data-element_type=\"widget\" data-e-type=\"widget\" data-widget_type=\"text-editor.default\">\n\t\t\t\t<div class=\"elementor-widget-container\">\n\t\t\t\t\t\t\t\t\t<p>Todos los derechos reservados. En virtud de lo dispuesto en la Ley de Propiedad Intelectual, quedan expresamente prohibidas la reproducci\u00f3n, la distribuci\u00f3n y la comunicaci\u00f3n p\u00fablica, incluida su modalidad de puesta a disposici\u00f3n, de la totalidad o parte de los contenidos de esta p\u00e1gina web, con fines comerciales, en cualquier soporte y por cualquier medio t\u00e9cnico, sin la autorizaci\u00f3n expresa de TREBLA TACSA, SL.<\/p>\t\t\t\t\t\t\t\t<\/div>\n\t\t\t\t<\/div>\n\t\t\t\t<div class=\"elementor-element elementor-element-52f9f25e elementor-widget elementor-widget-text-editor\" data-id=\"52f9f25e\" data-element_type=\"widget\" data-e-type=\"widget\" data-widget_type=\"text-editor.default\">\n\t\t\t\t<div class=\"elementor-widget-container\">\n\t\t\t\t\t\t\t\t\t<p>El usuario se compromete a respetar los derechos de Propiedad Intelectual e Industrial titularidad de TREBLA TACSA, SL. Podr\u00e1 visualizar los elementos del portal e incluso imprimirlos, copiarlos y almacenarlos en el disco duro de su ordenador o en cualquier otro soporte f\u00edsico siempre y cuando sea, \u00fanica y exclusivamente, para su uso personal y privado. El usuario deber\u00e1 abstenerse de suprimir, alterar, eludir o manipular cualquier dispositivo de protecci\u00f3n o sistema de seguridad que estuviera instalado en las p\u00e1ginas de TREBLA TACSA, SL.<\/p>\t\t\t\t\t\t\t\t<\/div>\n\t\t\t\t<\/div>\n\t\t\t\t<div class=\"elementor-element elementor-element-2eaed3f7 elementor-widget elementor-widget-text-editor\" data-id=\"2eaed3f7\" data-element_type=\"widget\" data-e-type=\"widget\" data-widget_type=\"text-editor.default\">\n\t\t\t\t<div class=\"elementor-widget-container\">\n\t\t\t\t\t\t\t\t\t<p><strong>Acciones legales, legislaci\u00f3n aplicable y jurisdicci\u00f3n<br \/><\/strong><\/p>\t\t\t\t\t\t\t\t<\/div>\n\t\t\t\t<\/div>\n\t\t\t\t<div class=\"elementor-element elementor-element-6821b4ae elementor-widget elementor-widget-text-editor\" data-id=\"6821b4ae\" data-element_type=\"widget\" data-e-type=\"widget\" data-widget_type=\"text-editor.default\">\n\t\t\t\t<div class=\"elementor-widget-container\">\n\t\t\t\t\t\t\t\t\t<p>TREBLA TACSA, SL se reserva, asimismo, la facultad de presentar las acciones civiles o penales que considere oportunas por la utilizaci\u00f3n indebida de su sitio web y contenidos, o por el incumplimiento de las presentes condiciones.<\/p>\t\t\t\t\t\t\t\t<\/div>\n\t\t\t\t<\/div>\n\t\t\t\t<div class=\"elementor-element elementor-element-188c2f71 elementor-widget elementor-widget-text-editor\" data-id=\"188c2f71\" data-element_type=\"widget\" data-e-type=\"widget\" data-widget_type=\"text-editor.default\">\n\t\t\t\t<div class=\"elementor-widget-container\">\n\t\t\t\t\t\t\t\t\t<p>La relaci\u00f3n entre el usuario y el prestador se regir\u00e1 por la normativa vigente y de aplicaci\u00f3n en el territorio espa\u00f1ol. De surgir cualquier controversia las partes podr\u00e1n someter sus conflictos a arbitraje o acudir a la jurisdicci\u00f3n ordinaria cumpliendo con las normas sobre jurisdicci\u00f3n y competencia al respecto. TREBLA TACSA, SL tiene su domicilio en BARCELONA y se someter\u00e1 a los juzgados y tribunales de la ciudad de Barcelona.<\/p>\t\t\t\t\t\t\t\t<\/div>\n\t\t\t\t<\/div>\n\t\t\t\t<div class=\"elementor-element elementor-element-2bc6528f elementor-widget elementor-widget-spacer\" data-id=\"2bc6528f\" data-element_type=\"widget\" data-e-type=\"widget\" data-widget_type=\"spacer.default\">\n\t\t\t\t<div class=\"elementor-widget-container\">\n\t\t\t\t\t\t\t<div class=\"elementor-spacer\">\n\t\t\t<div class=\"elementor-spacer-inner\"><\/div>\n\t\t<\/div>\n\t\t\t\t\t\t<\/div>\n\t\t\t\t<\/div>\n\t\t\t\t\t<\/div>\n\t\t<\/div>\n\t\t\t\t\t<\/div>\n\t\t<\/section>\n\t\t\t\t<\/div>\n\t\t","protected":false},"excerpt":{"rendered":"<p class=\"excerpt\">AVISO LEGAL En cumplimiento de la Ley 34\/2002, de 11 de julio, de Servicios de la Sociedad de la Informaci\u00f3n y de Comercio Electr\u00f3nico (LSSI-CE), TREBLA TACSA, SL informa que es titular del sitio web WWW.TREBLA.INFO.\u00a0 De acuerdo con la exigencia del art\u00edculo 10 de la citada Ley, TREBLA TACSA, SL informa de los siguientes [&hellip;]<\/p>\n","protected":false},"author":1,"featured_media":0,"parent":0,"menu_order":0,"comment_status":"closed","ping_status":"closed","template":"elementor_header_footer","meta":{"footnotes":""},"class_list":["post-169","page","type-page","status-publish","hentry"],"_links":{"self":[{"href":"https:\/\/trebla.info\/en\/wp-json\/wp\/v2\/pages\/169","targetHints":{"allow":["GET"]}}],"collection":[{"href":"https:\/\/trebla.info\/en\/wp-json\/wp\/v2\/pages"}],"about":[{"href":"https:\/\/trebla.info\/en\/wp-json\/wp\/v2\/types\/page"}],"author":[{"embeddable":true,"href":"https:\/\/trebla.info\/en\/wp-json\/wp\/v2\/users\/1"}],"replies":[{"embeddable":true,"href":"https:\/\/trebla.info\/en\/wp-json\/wp\/v2\/comments?post=169"}],"version-history":[{"count":8,"href":"https:\/\/trebla.info\/en\/wp-json\/wp\/v2\/pages\/169\/revisions"}],"predecessor-version":[{"id":281,"href":"https:\/\/trebla.info\/en\/wp-json\/wp\/v2\/pages\/169\/revisions\/281"}],"wp:attachment":[{"href":"https:\/\/trebla.info\/en\/wp-json\/wp\/v2\/media?parent=169"}],"curies":[{"name":"wp","href":"https:\/\/api.w.org\/{rel}","templated":true}]}}